{"id":6504,"date":"2023-01-12T21:12:32","date_gmt":"2023-01-13T02:12:32","guid":{"rendered":"https:\/\/comunik.ca\/?page_id=6504"},"modified":"2023-01-12T21:26:32","modified_gmt":"2023-01-13T02:26:32","slug":"articles","status":"publish","type":"page","link":"https:\/\/comunik.ca\/en\/articles\/","title":{"rendered":"Articles"},"content":{"rendered":"<div class=\"fusion-fullwidth fullwidth-box fusion-builder-row-1 fusion-flex-container has-pattern-background has-mask-background nonhundred-percent-fullwidth non-hundred-percent-height-scrolling\" style=\"--awb-border-radius-top-left:0px;--awb-border-radius-top-right:0px;--awb-border-radius-bottom-right:0px;--awb-border-radius-bottom-left:0px;--awb-flex-wrap:wrap;\" ><div class=\"fusion-builder-row fusion-row fusion-flex-align-items-flex-start fusion-flex-content-wrap\" style=\"max-width:1372.8px;margin-left: calc(-4% \/ 2 );margin-right: calc(-4% \/ 2 );\"><div class=\"fusion-layout-column fusion_builder_column fusion-builder-column-0 fusion_builder_column_1_1 1_1 fusion-flex-column\" style=\"--awb-bg-size:cover;--awb-width-large:100%;--awb-margin-top-large:0px;--awb-spacing-right-large:1.92%;--awb-margin-bottom-large:20px;--awb-spacing-left-large:1.92%;--awb-width-medium:100%;--awb-order-medium:0;--awb-spacing-right-medium:1.92%;--awb-spacing-left-medium:1.92%;--awb-width-small:100%;--awb-order-small:0;--awb-spacing-right-small:1.92%;--awb-spacing-left-small:1.92%;\"><div class=\"fusion-column-wrapper fusion-column-has-shadow fusion-flex-justify-content-flex-start fusion-content-layout-column\"><div class=\"fusion-recent-posts fusion-recent-posts-1 avada-container layout-default layout-columns-3\"><section class=\"fusion-columns columns fusion-columns-3 columns-3\"><article class=\"post fusion-column column col col-lg-4 col-md-4 col-sm-4\"><div class=\"recent-posts-content\"><span class=\"vcard\" style=\"display: none;\"><span class=\"fn\"><a href=\"https:\/\/comunik.ca\/en\/author\/comunik\/\" title=\"Posts by ComUnik\" rel=\"author\">ComUnik<\/a><\/span><\/span><h4 class=\"entry-title\"><a href=\"https:\/\/comunik.ca\/en\/2023\/01\/12\/une-prise-de-rendez-vous-amelioree\/\">Une prise de rendez-vous am\u00e9lior\u00e9e<\/a><\/h4><p class=\"meta\"><span class=\"vcard\" style=\"display: none;\"><span class=\"fn\"><a href=\"https:\/\/comunik.ca\/en\/author\/comunik\/\" title=\"Posts by ComUnik\" rel=\"author\">ComUnik<\/a><\/span><\/span><\/p><p> COMUNIK FAIT PARLER VOS DONN\u00c9ES     Solution de communications vocales et num\u00e9riques telles que la t\u00e9l\u00e9phonie et la messagerie texte (SMS) cr\u00e9\u00e9e et h\u00e9berg\u00e9e au Qu\u00e9bec, ComUnik facilite les \u00e9changes entre [...]<\/p><\/div><\/article><article class=\"post fusion-column column col col-lg-4 col-md-4 col-sm-4\"><div class=\"recent-posts-content\"><span class=\"vcard\" style=\"display: none;\"><span class=\"fn\"><a href=\"https:\/\/comunik.ca\/en\/author\/comunik\/\" title=\"Posts by ComUnik\" rel=\"author\">ComUnik<\/a><\/span><\/span><h4 class=\"entry-title\"><a href=\"https:\/\/comunik.ca\/en\/2020\/06\/25\/le-telephone-logiciel-la-solution-ideale-pour-travailler-a-domicile\/\">Le t\u00e9l\u00e9phone logiciel : La solution id\u00e9ale pour travailler \u00e0 domicile?<\/a><\/h4><p class=\"meta\"><span class=\"vcard\" style=\"display: none;\"><span class=\"fn\"><a href=\"https:\/\/comunik.ca\/en\/author\/comunik\/\" title=\"Posts by ComUnik\" rel=\"author\">ComUnik<\/a><\/span><\/span><\/p><p>Pour de nombreuses organisations et personnes, le travail \u00e0 domicile est la nouvelle r\u00e9alit\u00e9. Il est plus important que jamais de disposer des bons outils technologiques pour pouvoir communiquer et collaborer. Disposez-vous du bon \u00e9quipement [...]<\/p><\/div><\/article><article class=\"post fusion-column column col col-lg-4 col-md-4 col-sm-4\"><div class=\"recent-posts-content\"><span class=\"vcard\" style=\"display: none;\"><span class=\"fn\"><a href=\"https:\/\/comunik.ca\/en\/author\/comunik\/\" title=\"Posts by ComUnik\" rel=\"author\">ComUnik<\/a><\/span><\/span><h4 class=\"entry-title\"><a href=\"https:\/\/comunik.ca\/en\/2020\/06\/06\/voip-comment-ca-fonctionne\/\">VoIP, comment \u00e7a fonctionne?<\/a><\/h4><p class=\"meta\"><span class=\"vcard\" style=\"display: none;\"><span class=\"fn\"><a href=\"https:\/\/comunik.ca\/en\/author\/comunik\/\" title=\"Posts by ComUnik\" rel=\"author\">ComUnik<\/a><\/span><\/span><\/p><p>T\u00e9l\u00e9phonie VoIP : comment \u00e7a fonctionne ? La t\u00e9l\u00e9phonie VoIP n\u2019est pas une nouveaut\u00e9, mais pourtant de nombreuses entreprises ne connaissent pas les avantages que cela peut leur apporter. En effet, la VoIP permet d\u2019effectuer [...]<\/p><\/div><\/article><article class=\"post fusion-column column col col-lg-4 col-md-4 col-sm-4\"><div class=\"recent-posts-content\"><span class=\"vcard\" style=\"display: none;\"><span class=\"fn\"><a href=\"https:\/\/comunik.ca\/en\/author\/comunik\/\" title=\"Posts by ComUnik\" rel=\"author\">ComUnik<\/a><\/span><\/span><h4 class=\"entry-title\"><a href=\"https:\/\/comunik.ca\/en\/2020\/06\/04\/les-communications-unifiees\/\">Les communications unifi\u00e9es<\/a><\/h4><p class=\"meta\"><span class=\"vcard\" style=\"display: none;\"><span class=\"fn\"><a href=\"https:\/\/comunik.ca\/en\/author\/comunik\/\" title=\"Posts by ComUnik\" rel=\"author\">ComUnik<\/a><\/span><\/span><\/p><p>Comment les communications unifi\u00e9es permettent-elles de mieux collaborer? La force d\u2019une entreprise repose sur son capital humain qui \u00e9change et travaille ensemble. La communication est donc un besoin primordial et qui ne cesse de cro\u00eetre, [...]<\/p><\/div><\/article><article class=\"post fusion-column column col col-lg-4 col-md-4 col-sm-4\"><div class=\"recent-posts-content\"><span class=\"vcard\" style=\"display: none;\"><span class=\"fn\"><a href=\"https:\/\/comunik.ca\/en\/author\/comunik\/\" title=\"Posts by ComUnik\" rel=\"author\">ComUnik<\/a><\/span><\/span><h4 class=\"entry-title\"><a href=\"https:\/\/comunik.ca\/en\/2020\/05\/23\/telephonie-ip-et-teletravail\/\">T\u00e9l\u00e9phonie IP et t\u00e9l\u00e9travail<\/a><\/h4><p class=\"meta\"><span class=\"vcard\" style=\"display: none;\"><span class=\"fn\"><a href=\"https:\/\/comunik.ca\/en\/author\/comunik\/\" title=\"Posts by ComUnik\" rel=\"author\">ComUnik<\/a><\/span><\/span><\/p><p>T\u00e9l\u00e9phonie VoIP, une opportunit\u00e9 pour le t\u00e9l\u00e9travail Le t\u00e9l\u00e9travail s\u2019est impos\u00e9 petit \u00e0 petit dans nos habitudes de travail et beaucoup d\u2019entreprises y d\u00e9couvrent de v\u00e9ritables avantages. S\u2019orienter vers le t\u00e9l\u00e9travail demande avant tout de [...]<\/p><\/div><\/article><article class=\"post fusion-column column col col-lg-4 col-md-4 col-sm-4\"><div class=\"recent-posts-content\"><span class=\"vcard\" style=\"display: none;\"><span class=\"fn\"><a href=\"https:\/\/comunik.ca\/en\/author\/comunik\/\" title=\"Posts by ComUnik\" rel=\"author\">ComUnik<\/a><\/span><\/span><h4 class=\"entry-title\"><a href=\"https:\/\/comunik.ca\/en\/2020\/05\/23\/securiser-un-reseau-voip\/\">S\u00e9curiser un r\u00e9seau VoIP<\/a><\/h4><p class=\"meta\"><span class=\"vcard\" style=\"display: none;\"><span class=\"fn\"><a href=\"https:\/\/comunik.ca\/en\/author\/comunik\/\" title=\"Posts by ComUnik\" rel=\"author\">ComUnik<\/a><\/span><\/span><\/p><p>3 conseils pour s\u00e9curiser votre r\u00e9seau VoIP La t\u00e9l\u00e9phonie VoIP pr\u00e9sente de nombreux avantages comme la diminution du co\u00fbt li\u00e9 aux services de t\u00e9l\u00e9communication, la souplesse d\u2019utilisation ainsi que beaucoup d\u2019autres fonctionnalit\u00e9s qui attirent les [...]<\/p><\/div><\/article><\/section><\/div><\/div><\/div><\/div><\/div>\n","protected":false},"excerpt":{"rendered":"","protected":false},"author":5,"featured_media":0,"parent":0,"menu_order":0,"comment_status":"closed","ping_status":"closed","template":"","meta":{"_acf_changed":false,"content-type":"","footnotes":""},"class_list":["post-6504","page","type-page","status-publish","hentry"],"acf":[],"yoast_head":"<!-- This site is optimized with the Yoast SEO plugin v27.2 - https:\/\/yoast.com\/product\/yoast-seo-wordpress\/ -->\n<title>Articles - ComUnik - Solution de communications vocales et num\u00e9riques<\/title>\n<meta name=\"robots\" content=\"index, follow, max-snippet:-1, max-image-preview:large, max-video-preview:-1\" \/>\n<link rel=\"canonical\" href=\"https:\/\/comunik.ca\/en\/articles\/\" \/>\n<meta property=\"og:locale\" content=\"en_US\" \/>\n<meta property=\"og:type\" content=\"article\" \/>\n<meta property=\"og:title\" content=\"Articles - ComUnik - Solution de communications vocales et num\u00e9riques\" \/>\n<meta property=\"og:url\" content=\"https:\/\/comunik.ca\/en\/articles\/\" \/>\n<meta property=\"og:site_name\" content=\"ComUnik - Solution de communications vocales et num\u00e9riques\" \/>\n<meta property=\"article:publisher\" content=\"https:\/\/www.facebook.com\/comunik.ca\" \/>\n<meta property=\"article:modified_time\" content=\"2023-01-13T02:26:32+00:00\" \/>\n<meta property=\"og:image\" content=\"https:\/\/comunik.ca\/wp-content\/uploads\/2022\/10\/comunik-logo-y.png\" \/>\n\t<meta property=\"og:image:width\" content=\"1800\" \/>\n\t<meta property=\"og:image:height\" content=\"945\" \/>\n\t<meta property=\"og:image:type\" content=\"image\/png\" \/>\n<meta name=\"twitter:card\" content=\"summary_large_image\" \/>\n<meta name=\"twitter:label1\" content=\"Est. reading time\" \/>\n\t<meta name=\"twitter:data1\" content=\"2 minutes\" \/>\n<script type=\"application\/ld+json\" class=\"yoast-schema-graph\">{\"@context\":\"https:\/\/schema.org\",\"@graph\":[{\"@type\":\"WebPage\",\"@id\":\"https:\/\/comunik.ca\/articles\/\",\"url\":\"https:\/\/comunik.ca\/articles\/\",\"name\":\"Articles - ComUnik - Solution de communications vocales et num\u00e9riques\",\"isPartOf\":{\"@id\":\"https:\/\/comunik.ca\/#website\"},\"datePublished\":\"2023-01-13T02:12:32+00:00\",\"dateModified\":\"2023-01-13T02:26:32+00:00\",\"breadcrumb\":{\"@id\":\"https:\/\/comunik.ca\/articles\/#breadcrumb\"},\"inLanguage\":\"en-CA\",\"potentialAction\":[{\"@type\":\"ReadAction\",\"target\":[\"https:\/\/comunik.ca\/articles\/\"]}]},{\"@type\":\"BreadcrumbList\",\"@id\":\"https:\/\/comunik.ca\/articles\/#breadcrumb\",\"itemListElement\":[{\"@type\":\"ListItem\",\"position\":1,\"name\":\"Accueil\",\"item\":\"https:\/\/comunik.ca\/\"},{\"@type\":\"ListItem\",\"position\":2,\"name\":\"Articles\"}]},{\"@type\":\"WebSite\",\"@id\":\"https:\/\/comunik.ca\/#website\",\"url\":\"https:\/\/comunik.ca\/\",\"name\":\"ComUnik - Solution de communications vocales et num\u00e9riques\",\"description\":\"Intelligence vocale\",\"publisher\":{\"@id\":\"https:\/\/comunik.ca\/#organization\"},\"potentialAction\":[{\"@type\":\"SearchAction\",\"target\":{\"@type\":\"EntryPoint\",\"urlTemplate\":\"https:\/\/comunik.ca\/?s={search_term_string}\"},\"query-input\":{\"@type\":\"PropertyValueSpecification\",\"valueRequired\":true,\"valueName\":\"search_term_string\"}}],\"inLanguage\":\"en-CA\"},{\"@type\":\"Organization\",\"@id\":\"https:\/\/comunik.ca\/#organization\",\"name\":\"ComUnik - Solutions de communications vocales\",\"url\":\"https:\/\/comunik.ca\/\",\"logo\":{\"@type\":\"ImageObject\",\"inLanguage\":\"en-CA\",\"@id\":\"https:\/\/comunik.ca\/#\/schema\/logo\/image\/\",\"url\":\"https:\/\/comunik.ca\/wp-content\/uploads\/2022\/10\/comunik-logo-y.png\",\"contentUrl\":\"https:\/\/comunik.ca\/wp-content\/uploads\/2022\/10\/comunik-logo-y.png\",\"width\":1800,\"height\":945,\"caption\":\"ComUnik - Solutions de communications vocales\"},\"image\":{\"@id\":\"https:\/\/comunik.ca\/#\/schema\/logo\/image\/\"},\"sameAs\":[\"https:\/\/www.facebook.com\/comunik.ca\",\"https:\/\/www.linkedin.com\/company\/comunik-ca\",\"https:\/\/www.youtube.com\/channel\/UCc3Fxen_h_DPnR49gT5HSSQ\"]}]}<\/script>\n<!-- \/ Yoast SEO plugin. -->","yoast_head_json":{"title":"Articles - ComUnik - Solution de communications vocales et num\u00e9riques","robots":{"index":"index","follow":"follow","max-snippet":"max-snippet:-1","max-image-preview":"max-image-preview:large","max-video-preview":"max-video-preview:-1"},"canonical":"https:\/\/comunik.ca\/en\/articles\/","og_locale":"en_US","og_type":"article","og_title":"Articles - ComUnik - Solution de communications vocales et num\u00e9riques","og_url":"https:\/\/comunik.ca\/en\/articles\/","og_site_name":"ComUnik - Solution de communications vocales et num\u00e9riques","article_publisher":"https:\/\/www.facebook.com\/comunik.ca","article_modified_time":"2023-01-13T02:26:32+00:00","og_image":[{"width":1800,"height":945,"url":"https:\/\/comunik.ca\/wp-content\/uploads\/2022\/10\/comunik-logo-y.png","type":"image\/png"}],"twitter_card":"summary_large_image","twitter_misc":{"Est. reading time":"2 minutes"},"schema":{"@context":"https:\/\/schema.org","@graph":[{"@type":"WebPage","@id":"https:\/\/comunik.ca\/articles\/","url":"https:\/\/comunik.ca\/articles\/","name":"Articles - ComUnik - Solution de communications vocales et num\u00e9riques","isPartOf":{"@id":"https:\/\/comunik.ca\/#website"},"datePublished":"2023-01-13T02:12:32+00:00","dateModified":"2023-01-13T02:26:32+00:00","breadcrumb":{"@id":"https:\/\/comunik.ca\/articles\/#breadcrumb"},"inLanguage":"en-CA","potentialAction":[{"@type":"ReadAction","target":["https:\/\/comunik.ca\/articles\/"]}]},{"@type":"BreadcrumbList","@id":"https:\/\/comunik.ca\/articles\/#breadcrumb","itemListElement":[{"@type":"ListItem","position":1,"name":"Accueil","item":"https:\/\/comunik.ca\/"},{"@type":"ListItem","position":2,"name":"Articles"}]},{"@type":"WebSite","@id":"https:\/\/comunik.ca\/#website","url":"https:\/\/comunik.ca\/","name":"ComUnik - Voice and Digital Communications Solution","description":"Voice Intelligence","publisher":{"@id":"https:\/\/comunik.ca\/#organization"},"potentialAction":[{"@type":"SearchAction","target":{"@type":"EntryPoint","urlTemplate":"https:\/\/comunik.ca\/?s={search_term_string}"},"query-input":{"@type":"PropertyValueSpecification","valueRequired":true,"valueName":"search_term_string"}}],"inLanguage":"en-CA"},{"@type":"Organization","@id":"https:\/\/comunik.ca\/#organization","name":"ComUnik - Solutions de communications vocales","url":"https:\/\/comunik.ca\/","logo":{"@type":"ImageObject","inLanguage":"en-CA","@id":"https:\/\/comunik.ca\/#\/schema\/logo\/image\/","url":"https:\/\/comunik.ca\/wp-content\/uploads\/2022\/10\/comunik-logo-y.png","contentUrl":"https:\/\/comunik.ca\/wp-content\/uploads\/2022\/10\/comunik-logo-y.png","width":1800,"height":945,"caption":"ComUnik - Solutions de communications vocales"},"image":{"@id":"https:\/\/comunik.ca\/#\/schema\/logo\/image\/"},"sameAs":["https:\/\/www.facebook.com\/comunik.ca","https:\/\/www.linkedin.com\/company\/comunik-ca","https:\/\/www.youtube.com\/channel\/UCc3Fxen_h_DPnR49gT5HSSQ"]}]}},"_links":{"self":[{"href":"https:\/\/comunik.ca\/en\/wp-json\/wp\/v2\/pages\/6504","targetHints":{"allow":["GET"]}}],"collection":[{"href":"https:\/\/comunik.ca\/en\/wp-json\/wp\/v2\/pages"}],"about":[{"href":"https:\/\/comunik.ca\/en\/wp-json\/wp\/v2\/types\/page"}],"author":[{"embeddable":true,"href":"https:\/\/comunik.ca\/en\/wp-json\/wp\/v2\/users\/5"}],"replies":[{"embeddable":true,"href":"https:\/\/comunik.ca\/en\/wp-json\/wp\/v2\/comments?post=6504"}],"version-history":[{"count":9,"href":"https:\/\/comunik.ca\/en\/wp-json\/wp\/v2\/pages\/6504\/revisions"}],"predecessor-version":[{"id":6514,"href":"https:\/\/comunik.ca\/en\/wp-json\/wp\/v2\/pages\/6504\/revisions\/6514"}],"wp:attachment":[{"href":"https:\/\/comunik.ca\/en\/wp-json\/wp\/v2\/media?parent=6504"}],"curies":[{"name":"wp","href":"https:\/\/api.w.org\/{rel}","templated":true}]}}